{"id":10,"date":"2020-07-10T09:57:04","date_gmt":"2020-07-10T07:57:04","guid":{"rendered":"http:\/\/magazin.jacorprojekt.de\/?page_id=10"},"modified":"2026-01-21T11:10:21","modified_gmt":"2026-01-21T10:10:21","slug":"startseite","status":"publish","type":"page","link":"https:\/\/single.inrlp.de\/magazin\/","title":{"rendered":"Startseite"},"content":{"rendered":"<div class=\"wpb-content-wrapper\"><p>[vc_row][vc_column el_class=&#8221;custombloglist&#8221; width=&#8221;2\/3&#8243;][vc_raw_html el_class=&#8221;displaymobile blocktop&#8221;]JTNDaDIlM0VTSU5HTEVTJTIwSU4lMjBSSEVJTkxBTkQtUEZBTFolM0MlMkZoMiUzRSUwQSUzQ2ElMjBjbGFzcyUzRCUyMmJ0biUyMGJ0bi1wcmltYXJ5JTIwYnRuLWJsb2NrJTIwYnRuLWFiNjAlMjIlMjBocmVmJTNEJTIyaHR0cHMlM0ElMkYlMkZzaW5nbGUuaW5ybHAuZGUlM0ZBSUQlM0RzaXJscE1hZ1dpZCUyMiUyMHRhcmdldCUzRCUyMl9ibGFuayUyMiUzRUpldHp0JTIwU2luZ2xlcyUyMGZpbmRlbiUzQyUyRmElM0U=[\/vc_raw_html]<div class=\"latest-blog vertical clearfix\"><div class=\"latest-blog-list  clearfix wpb_content_element\">\n\t\t\t\t\t\t\t<div class=\"blog-list-item-thumb\"><a href=\"https:\/\/single.inrlp.de\/magazin\/dating\/erstes-date-in-rheinland-pfalz-10-romantische-orte-fuer-singles-ab-40\/\" title=\"Erstes Date in Rheinland-Pfalz: 10 romantische Orte f\u00fcr Singles ab 40\"><img decoding=\"async\" src=\"https:\/\/single.inrlp.de\/magazin\/wp-content\/uploads\/2026\/04\/1776334199943-image_generation-google.png\" alt=\"Erstes Date in Rheinland-Pfalz: 10 romantische Orte f\u00fcr Singles ab 40\" \/><\/a><\/div>\n\t\t\t\t\t\t  \t<div class=\"blog-list-item-description\">\n\t\t\t\t\t\t\t\t<h3><a href=\"https:\/\/single.inrlp.de\/magazin\/dating\/erstes-date-in-rheinland-pfalz-10-romantische-orte-fuer-singles-ab-40\/\" title=\"Erstes Date in Rheinland-Pfalz: 10 romantische Orte f\u00fcr Singles ab 40\">Erstes Date in Rheinland-Pfalz: 10 romantische Orte f\u00fcr Singles ab 40<\/a><\/h3>\n\t\t\t\t\t\t\t  \t<div class=\"blog-list-item-excerpt\">Was steckt\u00a0hinter\u00a0der\u00a0sexuellen Freiheit? Wir verraten die wichtigsten Fakten und kl\u00e4ren, wann eine\u00a0offene Beziehung\u00a0Sinn macht oder nicht.\u00a0\u00a0.. <a href=\"https:\/\/single.inrlp.de\/magazin\/dating\/erstes-date-in-rheinland-pfalz-10-romantische-orte-fuer-singles-ab-40\/\">Weiterlesen<\/a><\/div>\n\t\t\t\t\t\t\t<\/div>\n\t\t\t\t\t  \t<\/div><div class=\"latest-blog-list  clearfix wpb_content_element\">\n\t\t\t\t\t\t\t<div class=\"blog-list-item-thumb\"><a href=\"https:\/\/single.inrlp.de\/magazin\/beziehung\/neuanfang-nach-der-scheidung-so-gelingt-die-partnersuche-in-der-lebensmitte\/\" title=\"Neuanfang nach der Scheidung: So gelingt die Partnersuche in der Lebensmitte\"><img decoding=\"async\" src=\"https:\/\/single.inrlp.de\/magazin\/wp-content\/uploads\/2026\/04\/1776332693336-image_generation-google.png\" alt=\"Neuanfang nach der Scheidung: So gelingt die Partnersuche in der Lebensmitte\" \/><\/a><\/div>\n\t\t\t\t\t\t  \t<div class=\"blog-list-item-description\">\n\t\t\t\t\t\t\t\t<h3><a href=\"https:\/\/single.inrlp.de\/magazin\/beziehung\/neuanfang-nach-der-scheidung-so-gelingt-die-partnersuche-in-der-lebensmitte\/\" title=\"Neuanfang nach der Scheidung: So gelingt die Partnersuche in der Lebensmitte\">Neuanfang nach der Scheidung: So gelingt die Partnersuche in der Lebensmitte<\/a><\/h3>\n\t\t\t\t\t\t\t  \t<div class=\"blog-list-item-excerpt\">Die Fernbeziehung ist mittlerweile als Beziehungsmodell in der Gesellschaft angekommen. Wir verraten, wie die Liebe auf Distanz funktioniert... <a href=\"https:\/\/single.inrlp.de\/magazin\/beziehung\/neuanfang-nach-der-scheidung-so-gelingt-die-partnersuche-in-der-lebensmitte\/\">Weiterlesen<\/a><\/div>\n\t\t\t\t\t\t\t<\/div>\n\t\t\t\t\t  \t<\/div><div class=\"latest-blog-list  clearfix wpb_content_element\">\n\t\t\t\t\t\t\t<div class=\"blog-list-item-thumb\"><a href=\"https:\/\/single.inrlp.de\/magazin\/liebe\/paperclipping-der-toxische-dating-trend-den-sie-unbedingt-erkennen-sollten\/\" title=\"Paperclipping: Der toxische Dating-Trend, den Sie unbedingt erkennen sollten\"><img decoding=\"async\" src=\"https:\/\/single.inrlp.de\/magazin\/wp-content\/uploads\/2026\/03\/1774972246827-image_generation-google.png\" alt=\"Paperclipping: Der toxische Dating-Trend, den Sie unbedingt erkennen sollten\" \/><\/a><\/div>\n\t\t\t\t\t\t  \t<div class=\"blog-list-item-description\">\n\t\t\t\t\t\t\t\t<h3><a href=\"https:\/\/single.inrlp.de\/magazin\/liebe\/paperclipping-der-toxische-dating-trend-den-sie-unbedingt-erkennen-sollten\/\" title=\"Paperclipping: Der toxische Dating-Trend, den Sie unbedingt erkennen sollten\">Paperclipping: Der toxische Dating-Trend, den Sie unbedingt erkennen sollten<\/a><\/h3>\n\t\t\t\t\t\t\t  \t<div class=\"blog-list-item-excerpt\">Was steckt\u00a0hinter\u00a0der\u00a0sexuellen Freiheit? Wir verraten die wichtigsten Fakten und kl\u00e4ren, wann eine\u00a0offene Beziehung\u00a0Sinn macht oder nicht.\u00a0\u00a0.. <a href=\"https:\/\/single.inrlp.de\/magazin\/liebe\/paperclipping-der-toxische-dating-trend-den-sie-unbedingt-erkennen-sollten\/\">Weiterlesen<\/a><\/div>\n\t\t\t\t\t\t\t<\/div>\n\t\t\t\t\t  \t<\/div><div class=\"latest-blog-list  clearfix wpb_content_element\">\n\t\t\t\t\t\t\t<div class=\"blog-list-item-thumb\"><a href=\"https:\/\/single.inrlp.de\/magazin\/liebe\/fruehlingsgefuehle-im-maerz-5-tipps-fuer-erfolgreiche-outdoor-dates-in-rheinland-pfalz\/\" title=\"Fr\u00fchlingsgef\u00fchle im M\u00e4rz: 5 Tipps f\u00fcr erfolgreiche Outdoor-Dates in Rheinland-Pfalz\"><img decoding=\"async\" src=\"https:\/\/single.inrlp.de\/magazin\/wp-content\/uploads\/2026\/03\/1773662217925-image_generation-google.png\" alt=\"Fr\u00fchlingsgef\u00fchle im M\u00e4rz: 5 Tipps f\u00fcr erfolgreiche Outdoor-Dates in Rheinland-Pfalz\" \/><\/a><\/div>\n\t\t\t\t\t\t  \t<div class=\"blog-list-item-description\">\n\t\t\t\t\t\t\t\t<h3><a href=\"https:\/\/single.inrlp.de\/magazin\/liebe\/fruehlingsgefuehle-im-maerz-5-tipps-fuer-erfolgreiche-outdoor-dates-in-rheinland-pfalz\/\" title=\"Fr\u00fchlingsgef\u00fchle im M\u00e4rz: 5 Tipps f\u00fcr erfolgreiche Outdoor-Dates in Rheinland-Pfalz\">Fr\u00fchlingsgef\u00fchle im M\u00e4rz: 5 Tipps f\u00fcr erfolgreiche Outdoor-Dates in Rheinland-Pfalz<\/a><\/h3>\n\t\t\t\t\t\t\t  \t<div class=\"blog-list-item-excerpt\">Was steckt\u00a0hinter\u00a0der\u00a0sexuellen Freiheit? Wir verraten die wichtigsten Fakten und kl\u00e4ren, wann eine\u00a0offene Beziehung\u00a0Sinn macht oder nicht.\u00a0\u00a0.. <a href=\"https:\/\/single.inrlp.de\/magazin\/liebe\/fruehlingsgefuehle-im-maerz-5-tipps-fuer-erfolgreiche-outdoor-dates-in-rheinland-pfalz\/\">Weiterlesen<\/a><\/div>\n\t\t\t\t\t\t\t<\/div>\n\t\t\t\t\t  \t<\/div><div class=\"latest-blog-list  clearfix wpb_content_element\">\n\t\t\t\t\t\t\t<div class=\"blog-list-item-thumb\"><a href=\"https:\/\/single.inrlp.de\/magazin\/beziehung\/date-ideen-mit-koerperkontakt-serioese-tipps-fuer-naehe-beim-ersten-treffen\/\" title=\"Date-Ideen mit K\u00f6rperkontakt: Seri\u00f6se Tipps f\u00fcr N\u00e4he beim ersten Treffen\"><img decoding=\"async\" src=\"https:\/\/single.inrlp.de\/magazin\/wp-content\/uploads\/2026\/02\/Steckbrief-neue-01.07.2024-58.png\" alt=\"Date-Ideen mit K\u00f6rperkontakt: Seri\u00f6se Tipps f\u00fcr N\u00e4he beim ersten Treffen\" \/><\/a><\/div>\n\t\t\t\t\t\t  \t<div class=\"blog-list-item-description\">\n\t\t\t\t\t\t\t\t<h3><a href=\"https:\/\/single.inrlp.de\/magazin\/beziehung\/date-ideen-mit-koerperkontakt-serioese-tipps-fuer-naehe-beim-ersten-treffen\/\" title=\"Date-Ideen mit K\u00f6rperkontakt: Seri\u00f6se Tipps f\u00fcr N\u00e4he beim ersten Treffen\">Date-Ideen mit K\u00f6rperkontakt: Seri\u00f6se Tipps f\u00fcr N\u00e4he beim ersten Treffen<\/a><\/h3>\n\t\t\t\t\t\t\t  \t<div class=\"blog-list-item-excerpt\">Die Fernbeziehung ist mittlerweile als Beziehungsmodell in der Gesellschaft angekommen. Wir verraten, wie die Liebe auf Distanz funktioniert... <a href=\"https:\/\/single.inrlp.de\/magazin\/beziehung\/date-ideen-mit-koerperkontakt-serioese-tipps-fuer-naehe-beim-ersten-treffen\/\">Weiterlesen<\/a><\/div>\n\t\t\t\t\t\t\t<\/div>\n\t\t\t\t\t  \t<\/div><div class=\"latest-blog-list  clearfix wpb_content_element\">\n\t\t\t\t\t\t\t<div class=\"blog-list-item-thumb\"><a href=\"https:\/\/single.inrlp.de\/magazin\/beziehung\/angst-vor-date-wie-romantische-filme-helfen-die-hemmungen-beim-online-dating-zu-ueberwinden\/\" title=\"Angst vor Date? Wie romantische Filme helfen, die Hemmungen beim Online-Dating zu \u00fcberwinden\"><img decoding=\"async\" src=\"https:\/\/single.inrlp.de\/magazin\/wp-content\/uploads\/2025\/12\/Steckbrief-neue-01.07.2024-39.png\" alt=\"Angst vor Date? Wie romantische Filme helfen, die Hemmungen beim Online-Dating zu \u00fcberwinden\" \/><\/a><\/div>\n\t\t\t\t\t\t  \t<div class=\"blog-list-item-description\">\n\t\t\t\t\t\t\t\t<h3><a href=\"https:\/\/single.inrlp.de\/magazin\/beziehung\/angst-vor-date-wie-romantische-filme-helfen-die-hemmungen-beim-online-dating-zu-ueberwinden\/\" title=\"Angst vor Date? Wie romantische Filme helfen, die Hemmungen beim Online-Dating zu \u00fcberwinden\">Angst vor Date? Wie romantische Filme helfen, die Hemmungen beim Online-Dating zu \u00fcberwinden<\/a><\/h3>\n\t\t\t\t\t\t\t  \t<div class=\"blog-list-item-excerpt\">In einer Partnerschaft ist das Verst\u00e4ndnis f\u00fcreinander der Schl\u00fcssel zu einer tiefen Verbindung. Doch was geschieht, wenn ein Partner mit den Herausforderungen einer Depression k\u00e4mpft?.. <a href=\"https:\/\/single.inrlp.de\/magazin\/beziehung\/angst-vor-date-wie-romantische-filme-helfen-die-hemmungen-beim-online-dating-zu-ueberwinden\/\">Weiterlesen<\/a><\/div>\n\t\t\t\t\t\t\t<\/div>\n\t\t\t\t\t  \t<\/div><\/div>[\/vc_column][vc_column width=&#8221;1\/3&#8243;][vc_widget_sidebar sidebar_id=&#8221;blog-widgets&#8221;][\/vc_column][\/vc_row]<\/p>\n<\/div>","protected":false},"excerpt":{"rendered":"<p>[vc_row][vc_column el_class=&#8221;custombloglist&#8221; width=&#8221;2\/3&#8243;][vc_raw_html el_class=&#8221;displaymobile blocktop&#8221;]JTNDaDIlM0VTSU5HTEVTJTIwSU4lMjBSSEVJTkxBTkQtUEZBTFolM0MlMkZoMiUzRSUwQSUzQ2ElMjBjbGFzcyUzRCUyMmJ0biUyMGJ0bi1wcmltYXJ5JTIwYnRuLWJsb2NrJTIwYnRuLWFiNjAlMjIlMjBocmVmJTNEJTIyaHR0cHMlM0ElMkYlMkZzaW5nbGUuaW5ybHAuZGUlM0ZBSUQlM0RzaXJscE1hZ1dpZCUyMiUyMHRhcmdldCUzRCUyMl9ibGFuayUyMiUzRUpldHp0JTIwU2luZ2xlcyUyMGZpbmRlbiUzQyUyRmElM0U=[\/vc_raw_html][\/vc_column][vc_column width=&#8221;1\/3&#8243;][vc_widget_sidebar sidebar_id=&#8221;blog-widgets&#8221;][\/vc_column][\/vc_row]<\/p>\n","protected":false},"author":1,"featured_media":0,"parent":0,"menu_order":0,"comment_status":"closed","ping_status":"closed","template":"","meta":{"footnotes":""},"class_list":["post-10","page","type-page","status-publish","hentry"],"yoast_head":"<!-- This site is optimized with the Yoast SEO plugin v27.3 - https:\/\/yoast.com\/product\/yoast-seo-wordpress\/ -->\n<title>Startseite - Singles in RLP | Magazin<\/title>\n<meta name=\"description\" content=\"Partnersuche leicht gemacht in Rheinland-Pfalz \u2713 Mehr als 50 000 Singles aus RLP \u2713 Die seri\u00f6se Singleb\u00f6rse aus der Region \u2713 Jetzt lesen \u2764\ufe0f\" \/>\n<meta name=\"robots\" content=\"index, follow, max-snippet:-1, max-image-preview:large, max-video-preview:-1\" \/>\n<link rel=\"canonical\" href=\"https:\/\/single.inrlp.de\/magazin\/\" \/>\n<meta property=\"og:locale\" content=\"de_DE\" \/>\n<meta property=\"og:type\" content=\"article\" \/>\n<meta property=\"og:title\" content=\"Startseite - Singles in RLP | Magazin\" \/>\n<meta property=\"og:description\" content=\"Partnersuche leicht gemacht in Rheinland-Pfalz \u2713 Mehr als 50 000 Singles aus RLP \u2713 Die seri\u00f6se Singleb\u00f6rse aus der Region \u2713 Jetzt lesen \u2764\ufe0f\" \/>\n<meta property=\"og:url\" content=\"https:\/\/single.inrlp.de\/magazin\/\" \/>\n<meta property=\"og:site_name\" content=\"Singles in RLP | Magazin\" \/>\n<meta property=\"article:modified_time\" content=\"2026-01-21T10:10:21+00:00\" \/>\n<meta name=\"twitter:card\" content=\"summary_large_image\" \/>\n<meta name=\"twitter:label1\" content=\"Gesch\u00e4tzte Lesezeit\" \/>\n\t<meta name=\"twitter:data1\" content=\"1\u00a0Minute\" \/>\n<!-- \/ Yoast SEO plugin. -->","yoast_head_json":{"title":"Startseite - Singles in RLP | Magazin","description":"Partnersuche leicht gemacht in Rheinland-Pfalz \u2713 Mehr als 50 000 Singles aus RLP \u2713 Die seri\u00f6se Singleb\u00f6rse aus der Region \u2713 Jetzt lesen \u2764\ufe0f","robots":{"index":"index","follow":"follow","max-snippet":"max-snippet:-1","max-image-preview":"max-image-preview:large","max-video-preview":"max-video-preview:-1"},"canonical":"https:\/\/single.inrlp.de\/magazin\/","og_locale":"de_DE","og_type":"article","og_title":"Startseite - Singles in RLP | Magazin","og_description":"Partnersuche leicht gemacht in Rheinland-Pfalz \u2713 Mehr als 50 000 Singles aus RLP \u2713 Die seri\u00f6se Singleb\u00f6rse aus der Region \u2713 Jetzt lesen \u2764\ufe0f","og_url":"https:\/\/single.inrlp.de\/magazin\/","og_site_name":"Singles in RLP | Magazin","article_modified_time":"2026-01-21T10:10:21+00:00","twitter_card":"summary_large_image","twitter_misc":{"Gesch\u00e4tzte Lesezeit":"1\u00a0Minute"},"schema":{"@context":"https:\/\/schema.org","@graph":[{"@type":"WebPage","@id":"https:\/\/single.inrlp.de\/magazin\/","url":"https:\/\/single.inrlp.de\/magazin\/","name":"Startseite - Singles in RLP | Magazin","isPartOf":{"@id":"https:\/\/single.inrlp.de\/magazin\/#website"},"datePublished":"2020-07-10T07:57:04+00:00","dateModified":"2026-01-21T10:10:21+00:00","description":"Partnersuche leicht gemacht in Rheinland-Pfalz \u2713 Mehr als 50 000 Singles aus RLP \u2713 Die seri\u00f6se Singleb\u00f6rse aus der Region \u2713 Jetzt lesen \u2764\ufe0f","breadcrumb":{"@id":"https:\/\/single.inrlp.de\/magazin\/#breadcrumb"},"inLanguage":"de","potentialAction":[{"@type":"ReadAction","target":["https:\/\/single.inrlp.de\/magazin\/"]}]},{"@type":"BreadcrumbList","@id":"https:\/\/single.inrlp.de\/magazin\/#breadcrumb","itemListElement":[{"@type":"ListItem","position":1,"name":"Startseite","item":"https:\/\/single.inrlp.de\/magazin\/"},{"@type":"ListItem","position":2,"name":"Startseite"}]},{"@type":"WebSite","@id":"https:\/\/single.inrlp.de\/magazin\/#website","url":"https:\/\/single.inrlp.de\/magazin\/","name":"magazin.jacorprojekt.de","description":"","potentialAction":[{"@type":"SearchAction","target":{"@type":"EntryPoint","urlTemplate":"https:\/\/single.inrlp.de\/magazin\/?s={search_term_string}"},"query-input":{"@type":"PropertyValueSpecification","valueRequired":true,"valueName":"search_term_string"}}],"inLanguage":"de"}]}},"_links":{"self":[{"href":"https:\/\/single.inrlp.de\/magazin\/wp-json\/wp\/v2\/pages\/10","targetHints":{"allow":["GET"]}}],"collection":[{"href":"https:\/\/single.inrlp.de\/magazin\/wp-json\/wp\/v2\/pages"}],"about":[{"href":"https:\/\/single.inrlp.de\/magazin\/wp-json\/wp\/v2\/types\/page"}],"author":[{"embeddable":true,"href":"https:\/\/single.inrlp.de\/magazin\/wp-json\/wp\/v2\/users\/1"}],"replies":[{"embeddable":true,"href":"https:\/\/single.inrlp.de\/magazin\/wp-json\/wp\/v2\/comments?post=10"}],"version-history":[{"count":10,"href":"https:\/\/single.inrlp.de\/magazin\/wp-json\/wp\/v2\/pages\/10\/revisions"}],"predecessor-version":[{"id":1361,"href":"https:\/\/single.inrlp.de\/magazin\/wp-json\/wp\/v2\/pages\/10\/revisions\/1361"}],"wp:attachment":[{"href":"https:\/\/single.inrlp.de\/magazin\/wp-json\/wp\/v2\/media?parent=10"}],"curies":[{"name":"wp","href":"https:\/\/api.w.org\/{rel}","templated":true}]}}